{"id":2,"date":"2023-06-21T16:00:41","date_gmt":"2023-06-21T14:00:41","guid":{"rendered":"http:\/\/madeinrenov.com\/?page_id=2"},"modified":"2024-02-23T14:58:18","modified_gmt":"2024-02-23T13:58:18","slug":"page-d-exemple","status":"publish","type":"page","link":"https:\/\/madeinrenov.com\/index.php\/page-d-exemple\/","title":{"rendered":"Nos r\u00e9alisations"},"content":{"rendered":"\n<p><\/p>\n\n\n\n<div class=\"wp-block-group is-layout-constrained wp-container-core-group-is-layout-f695bb2f wp-block-group-is-layout-constrained\" style=\"padding-top:100px;padding-bottom:130px\">\n<div class=\"wp-block-columns is-layout-flex wp-container-core-columns-is-layout-28f84493 wp-block-columns-is-layout-flex\">\n<div class=\"wp-block-column is-layout-flow wp-block-column-is-layout-flow\">\n<h2 class=\"wp-block-heading has-text-align-center renovater-animate renovater-move-up renovater-delay-1 has-renovater-primary-color has-text-color\" style=\"font-size:48px;font-style:normal;font-weight:500\">Nos r\u00e9alisations<\/h2>\n\n\n\n<div class=\"wp-block-group renovater-animate renovater-move-up renovater-delay-3 has-renovater-body-text-color has-text-color is-layout-constrained wp-container-core-group-is-layout-6f7166b1 wp-block-group-is-layout-constrained\" style=\"margin-bottom:60px\">\n<div class=\"wp-block-columns is-layout-flex wp-container-core-columns-is-layout-28f84493 wp-block-columns-is-layout-flex\">\n<div class=\"wp-block-column is-layout-flow wp-block-column-is-layout-flow\">\n<p class=\"has-text-align-center has-renovater-body-text-color has-text-color has-tiny-font-size\" style=\"font-style:normal;font-weight:300\">Pose de parements, prise de mesure et pose d&#8217;une r\u00e9novation d&#8217;escalier, d\u00e9coupe et pose d&#8217;un plan de travail. retrouvez une s\u00e9lection de r\u00e9alisations by Made in Renov<\/p>\n<\/div>\n<\/div>\n<\/div>\n\n\n\n<div class=\"wp-block-group is-layout-flow wp-block-group-is-layout-flow\" style=\"padding-bottom:14px\">\n<div class=\"wp-block-columns is-layout-flex wp-container-core-columns-is-layout-28f84493 wp-block-columns-is-layout-flex\">\n<div class=\"wp-block-column renovater-animate renovater-move-up renovater-delay-3 is-layout-flow wp-block-column-is-layout-flow\" style=\"padding-right:10px\">\n<figure class=\"wp-block-image size-full\"><img loading=\"lazy\" decoding=\"async\" width=\"1001\" height=\"1001\" src=\"http:\/\/madeinrenov.com\/wp-content\/uploads\/2024\/02\/escalier_2.jpg\" alt=\"\" class=\"wp-image-156\" srcset=\"https:\/\/madeinrenov.com\/wp-content\/uploads\/2024\/02\/escalier_2.jpg 1001w, https:\/\/madeinrenov.com\/wp-content\/uploads\/2024\/02\/escalier_2-300x300.jpg 300w, https:\/\/madeinrenov.com\/wp-content\/uploads\/2024\/02\/escalier_2-150x150.jpg 150w, https:\/\/madeinrenov.com\/wp-content\/uploads\/2024\/02\/escalier_2-768x768.jpg 768w\" sizes=\"auto, (max-width: 1001px) 100vw, 1001px\" \/><\/figure>\n<\/div>\n\n\n\n<div class=\"wp-block-column renovater-animate renovater-move-up renovater-delay-5 is-layout-flow wp-block-column-is-layout-flow\" style=\"padding-right:5px;padding-left:5px\">\n<figure class=\"wp-block-image size-full\"><img loading=\"lazy\" decoding=\"async\" width=\"1001\" height=\"1001\" src=\"http:\/\/madeinrenov.com\/wp-content\/uploads\/2023\/09\/parement.jpg\" alt=\"\" class=\"wp-image-21\" srcset=\"https:\/\/madeinrenov.com\/wp-content\/uploads\/2023\/09\/parement.jpg 1001w, https:\/\/madeinrenov.com\/wp-content\/uploads\/2023\/09\/parement-300x300.jpg 300w, https:\/\/madeinrenov.com\/wp-content\/uploads\/2023\/09\/parement-150x150.jpg 150w, https:\/\/madeinrenov.com\/wp-content\/uploads\/2023\/09\/parement-768x768.jpg 768w\" sizes=\"auto, (max-width: 1001px) 100vw, 1001px\" \/><\/figure>\n<\/div>\n\n\n\n<div class=\"wp-block-column renovater-animate renovater-move-up renovater-delay-7 is-layout-flow wp-block-column-is-layout-flow\" style=\"padding-right:0px;padding-left:10px\">\n<figure class=\"wp-block-image size-full\"><img loading=\"lazy\" decoding=\"async\" width=\"1001\" height=\"1001\" src=\"http:\/\/madeinrenov.com\/wp-content\/uploads\/2023\/09\/cuisine.jpg\" alt=\"\" class=\"wp-image-20\" srcset=\"https:\/\/madeinrenov.com\/wp-content\/uploads\/2023\/09\/cuisine.jpg 1001w, https:\/\/madeinrenov.com\/wp-content\/uploads\/2023\/09\/cuisine-300x300.jpg 300w, https:\/\/madeinrenov.com\/wp-content\/uploads\/2023\/09\/cuisine-150x150.jpg 150w, https:\/\/madeinrenov.com\/wp-content\/uploads\/2023\/09\/cuisine-768x768.jpg 768w\" sizes=\"auto, (max-width: 1001px) 100vw, 1001px\" \/><\/figure>\n<\/div>\n<\/div>\n<\/div>\n\n\n\n<div class=\"wp-block-group is-layout-flow wp-block-group-is-layout-flow\" style=\"padding-top:0px\">\n<div class=\"wp-block-columns is-layout-flex wp-container-core-columns-is-layout-28f84493 wp-block-columns-is-layout-flex\">\n<div class=\"wp-block-column renovater-animate renovater-move-up renovater-delay-3 is-layout-flow wp-block-column-is-layout-flow\" style=\"padding-right:10px\">\n<figure class=\"wp-block-image size-full\"><img loading=\"lazy\" decoding=\"async\" width=\"1001\" height=\"1001\" src=\"http:\/\/madeinrenov.com\/wp-content\/uploads\/2024\/02\/realisation_chene_clair.jpg\" alt=\"\" class=\"wp-image-48\" srcset=\"https:\/\/madeinrenov.com\/wp-content\/uploads\/2024\/02\/realisation_chene_clair.jpg 1001w, https:\/\/madeinrenov.com\/wp-content\/uploads\/2024\/02\/realisation_chene_clair-300x300.jpg 300w, https:\/\/madeinrenov.com\/wp-content\/uploads\/2024\/02\/realisation_chene_clair-150x150.jpg 150w, https:\/\/madeinrenov.com\/wp-content\/uploads\/2024\/02\/realisation_chene_clair-768x768.jpg 768w\" sizes=\"auto, (max-width: 1001px) 100vw, 1001px\" \/><\/figure>\n<\/div>\n\n\n\n<div class=\"wp-block-column renovater-animate renovater-move-up renovater-delay-5 is-layout-flow wp-block-column-is-layout-flow\" style=\"padding-right:5px;padding-left:5px\">\n<figure class=\"wp-block-image size-full\"><img loading=\"lazy\" decoding=\"async\" width=\"1001\" height=\"1001\" src=\"http:\/\/madeinrenov.com\/wp-content\/uploads\/2023\/09\/escalier.jpg\" alt=\"\" class=\"wp-image-22\" srcset=\"https:\/\/madeinrenov.com\/wp-content\/uploads\/2023\/09\/escalier.jpg 1001w, https:\/\/madeinrenov.com\/wp-content\/uploads\/2023\/09\/escalier-300x300.jpg 300w, https:\/\/madeinrenov.com\/wp-content\/uploads\/2023\/09\/escalier-150x150.jpg 150w, https:\/\/madeinrenov.com\/wp-content\/uploads\/2023\/09\/escalier-768x768.jpg 768w\" sizes=\"auto, (max-width: 1001px) 100vw, 1001px\" \/><\/figure>\n<\/div>\n\n\n\n<div class=\"wp-block-column renovater-animate renovater-move-up renovater-delay-7 is-layout-flow wp-block-column-is-layout-flow\" style=\"padding-left:10px\">\n<figure class=\"wp-block-image size-full\"><img loading=\"lazy\" decoding=\"async\" width=\"1001\" height=\"1001\" src=\"http:\/\/madeinrenov.com\/wp-content\/uploads\/2023\/09\/plans-de-travail.jpg\" alt=\"\" class=\"wp-image-23\" srcset=\"https:\/\/madeinrenov.com\/wp-content\/uploads\/2023\/09\/plans-de-travail.jpg 1001w, https:\/\/madeinrenov.com\/wp-content\/uploads\/2023\/09\/plans-de-travail-300x300.jpg 300w, https:\/\/madeinrenov.com\/wp-content\/uploads\/2023\/09\/plans-de-travail-150x150.jpg 150w, https:\/\/madeinrenov.com\/wp-content\/uploads\/2023\/09\/plans-de-travail-768x768.jpg 768w\" sizes=\"auto, (max-width: 1001px) 100vw, 1001px\" \/><\/figure>\n<\/div>\n<\/div>\n<\/div>\n<\/div>\n<\/div>\n<\/div>\n","protected":false},"excerpt":{"rendered":"<p>Nos r\u00e9alisations Pose de parements, prise de mesure et pose d&#8217;une r\u00e9novation d&#8217;escalier, d\u00e9coupe et pose d&#8217;un plan de travail. retrouvez une s\u00e9lection de r\u00e9alisations by Made in Renov<\/p>\n","protected":false},"author":1,"featured_media":0,"parent":0,"menu_order":0,"comment_status":"closed","ping_status":"open","template":"","meta":{"footnotes":""},"class_list":["post-2","page","type-page","status-publish","hentry"],"_links":{"self":[{"href":"https:\/\/madeinrenov.com\/index.php\/wp-json\/wp\/v2\/pages\/2","targetHints":{"allow":["GET"]}}],"collection":[{"href":"https:\/\/madeinrenov.com\/index.php\/wp-json\/wp\/v2\/pages"}],"about":[{"href":"https:\/\/madeinrenov.com\/index.php\/wp-json\/wp\/v2\/types\/page"}],"author":[{"embeddable":true,"href":"https:\/\/madeinrenov.com\/index.php\/wp-json\/wp\/v2\/users\/1"}],"replies":[{"embeddable":true,"href":"https:\/\/madeinrenov.com\/index.php\/wp-json\/wp\/v2\/comments?post=2"}],"version-history":[{"count":8,"href":"https:\/\/madeinrenov.com\/index.php\/wp-json\/wp\/v2\/pages\/2\/revisions"}],"predecessor-version":[{"id":162,"href":"https:\/\/madeinrenov.com\/index.php\/wp-json\/wp\/v2\/pages\/2\/revisions\/162"}],"wp:attachment":[{"href":"https:\/\/madeinrenov.com\/index.php\/wp-json\/wp\/v2\/media?parent=2"}],"curies":[{"name":"wp","href":"https:\/\/api.w.org\/{rel}","templated":true}]}}