{"id":79,"date":"2024-02-21T16:34:47","date_gmt":"2024-02-21T15:34:47","guid":{"rendered":"https:\/\/madeinrenov.com\/?page_id=79"},"modified":"2024-02-23T15:17:12","modified_gmt":"2024-02-23T14:17:12","slug":"contactez-nous","status":"publish","type":"page","link":"https:\/\/madeinrenov.com\/index.php\/contactez-nous\/","title":{"rendered":"Contactez-nous"},"content":{"rendered":"\n<div class=\"wp-block-cover renovater-margin-top-n30\" style=\"padding-top:80px;padding-bottom:80px\"><span aria-hidden=\"true\" class=\"wp-block-cover__background has-background-dim-60 has-background-dim\"><\/span><img loading=\"lazy\" decoding=\"async\" width=\"2560\" height=\"1706\" class=\"wp-block-cover__image-background wp-image-26\" alt=\"\" src=\"http:\/\/madeinrenov.com\/wp-content\/uploads\/2023\/09\/iStock-662087208-scaled.jpg\" data-object-fit=\"cover\" srcset=\"https:\/\/madeinrenov.com\/wp-content\/uploads\/2023\/09\/iStock-662087208-scaled.jpg 2560w, https:\/\/madeinrenov.com\/wp-content\/uploads\/2023\/09\/iStock-662087208-300x200.jpg 300w, https:\/\/madeinrenov.com\/wp-content\/uploads\/2023\/09\/iStock-662087208-1024x683.jpg 1024w, https:\/\/madeinrenov.com\/wp-content\/uploads\/2023\/09\/iStock-662087208-768x512.jpg 768w, https:\/\/madeinrenov.com\/wp-content\/uploads\/2023\/09\/iStock-662087208-1536x1024.jpg 1536w, https:\/\/madeinrenov.com\/wp-content\/uploads\/2023\/09\/iStock-662087208-2048x1365.jpg 2048w\" sizes=\"auto, (max-width: 2560px) 100vw, 2560px\" \/><div class=\"wp-block-cover__inner-container is-layout-flow wp-block-cover-is-layout-flow\">\n<div class=\"wp-block-group is-layout-constrained wp-container-core-group-is-layout-531ff908 wp-block-group-is-layout-constrained\">\n<div class=\"wp-block-columns are-vertically-aligned-center is-layout-flex wp-container-core-columns-is-layout-28f84493 wp-block-columns-is-layout-flex\">\n<div class=\"wp-block-column is-vertically-aligned-center is-layout-flow wp-block-column-is-layout-flow\" style=\"flex-basis:100%\"><h2 style=\"font-size:48px;font-style:normal;font-weight:500;\" class=\"has-text-align-center wp-block-post-title has-text-color has-renovater-background-color\">Contactez-nous<\/h2><\/div>\n<\/div>\n<\/div>\n<\/div><\/div>\n\n\n\n<div class=\"section-wrapper\" data-id=\"2cw8B7\"><section class=\"wp-block-gutenverse-section guten-element guten-section guten-2cw8B7 layout-boxed align-stretch\"><div class=\"guten-background-overlay\"><\/div><div class=\"guten-shape-divider guten-shape-divider-top\"><\/div><div class=\"guten-shape-divider guten-shape-divider-bottom\"><\/div><div class=\"guten-container guten-column-gap-default\">\n<div class=\"wp-block-gutenverse-column guten-element guten-column guten-Ol0DVU\"><div class=\"guten-background-overlay\"><\/div><div class=\"sticky-wrapper\" data-id=\"Ol0DVU\"><div class=\"guten-column-wrapper\">\n<div class=\"guten-element guten-7MwyZd animated guten-element-hide desktop-fadeInLeft guten-icon-box icon-position-left\"><div class=\"guten-icon-box-wrapper hover-from-left\"><div class=\"icon-box icon-box-header\"><div class=\"icon style-color\"><i class=\"gtn gtn-apartment1-light\"><\/i><\/div><\/div><div class=\"icon-box icon-box-body\"><h3 class=\"title\">Breuillet<\/h3><p class=\"icon-box-description\">914 Shore Lane Brooklyn, NY 11207<\/p><\/div><\/div><\/div>\n\n\n\n<div class=\"guten-element guten-Jic2xI animated guten-element-hide desktop-fadeInLeft guten-icon-box icon-position-left\"><div class=\"guten-icon-box-wrapper hover-from-left\"><div class=\"icon-box icon-box-header\"><div class=\"icon style-color\"><i class=\"gtn gtn-cityscape-light\"><\/i><\/div><\/div><div class=\"icon-box icon-box-body\"><h3 class=\"title\">Paris<\/h3><p class=\"icon-box-description\">56 Mill Road London WC14 8CJ<\/p><\/div><\/div><\/div>\n\n\n\n<div class=\"guten-element guten-05m450 animated guten-element-hide desktop-fadeInLeft guten-icon-box icon-position-left\"><div class=\"guten-icon-box-wrapper hover-from-left\"><div class=\"icon-box icon-box-header\"><div class=\"icon style-color\"><i class=\"gtn gtn-apartment-light\"><\/i><\/div><\/div><div class=\"icon-box icon-box-body\"><h3 class=\"title\">Lyon<\/h3><p class=\"icon-box-description\">6 Hickory Road Westminster, CA 92683<\/p><\/div><\/div><\/div>\n<\/div><\/div><\/div>\n\n\n\n<div class=\"wp-block-gutenverse-column guten-element guten-column guten-CWslS9 animated guten-element-hide desktop-fadeInRight\"><div class=\"guten-background-overlay\"><\/div><div class=\"sticky-wrapper\" data-id=\"CWslS9\"><div class=\"guten-column-wrapper\">\n<h2 class=\"wp-block-gutenverse-heading guten-element guten-xVVXx4\">Votre projet<\/h2>\n\n\n\n<div class=\"guten-element gutenverse-text-editor guten-Sw6m2j\"><div class=\"text-content-inner\">\n<p>Pr\u00eat \u00e0 faire passer votre projet de r\u00eave \u00e0 la r\u00e9alit\u00e9 ? Demandez votre devis personnalis\u00e9 d\u00e8s maintenant<\/p>\n<\/div><\/div>\n\n\n\n<form style=\"display:none\" class=\"guten-element guten-form-builder guten-TZtAs1\">\n<div class=\"guten-element guten-form-input-text guten-form-input guten-input-position-top guten-3bX8Ol hide-label hide-helper\"><div class=\"label-wrapper\"><\/div><div class=\"main-wrapper\"><input data-validation=\"{&quot;type&quot;:&quot;text&quot;,&quot;required&quot;:false,&quot;validationType&quot;:&quot;none&quot;,&quot;validationWarning&quot;:&quot;Input Invalid&quot;}\" placeholder=\"Your Name\" name=\"input-text-name\" class=\"gutenverse-input gutenverse-input-text\" type=\"text\"\/><div class=\"validation-error\">Input Invalid<\/div><\/div><\/div>\n\n\n\n<div class=\"guten-element guten-form-input-email guten-form-input guten-input-position-top guten-oXyIca hide-label hide-helper\"><div class=\"label-wrapper\"><\/div><div class=\"main-wrapper\"><input data-validation=\"{&quot;type&quot;:&quot;email&quot;,&quot;required&quot;:false,&quot;validationType&quot;:&quot;none&quot;,&quot;validationWarning&quot;:&quot;Input Invalid&quot;}\" placeholder=\"Your Email\" name=\"input-email\" class=\"gutenverse-input gutenverse-input-email\" type=\"email\"\/><div class=\"validation-error\">Input Invalid<\/div><\/div><\/div>\n\n\n\n<div class=\"guten-element guten-form-input-text guten-form-input guten-input-position-top guten-pK01mc hide-label hide-helper\"><div class=\"label-wrapper\"><\/div><div class=\"main-wrapper\"><input data-validation=\"{&quot;type&quot;:&quot;text&quot;,&quot;required&quot;:false,&quot;validationType&quot;:&quot;none&quot;,&quot;validationWarning&quot;:&quot;Input Invalid&quot;}\" placeholder=\"Your Subject\" name=\"input-text-name\" class=\"gutenverse-input gutenverse-input-text\" type=\"text\"\/><div class=\"validation-error\">Input Invalid<\/div><\/div><\/div>\n\n\n\n<div class=\"guten-element guten-form-input-textarea guten-form-input guten-input-position-top guten-aM3jG3 hide-label hide-helper\"><div class=\"label-wrapper\"><\/div><div class=\"main-wrapper\"><textarea data-validation=\"{&quot;type&quot;:&quot;textarea&quot;,&quot;required&quot;:false,&quot;validationType&quot;:&quot;none&quot;,&quot;validationWarning&quot;:&quot;Input Invalid&quot;}\" placeholder=\"Your Message\" name=\"input-textarea\" class=\"gutenverse-input gutenverse-input-text\"><\/textarea><div class=\"validation-error\">Input Invalid<\/div><\/div><\/div>\n\n\n\n<div class=\"guten-element guten-button-wrapper guten-submit-wrapper guten-8fxoMT\"><div class=\"form-notification\"><\/div><button class=\"guten-button gutenverse-input-submit guten-button-sm\" type=\"submit\"><span>Envoyer<\/span><\/button><div class=\"gutenverse-input-submit-loader\"><i class=\"fas fa-spinner fa-spin\"><\/i><\/div><\/div>\n<\/form>\n<\/div><\/div><\/div>\n<\/div><\/section><\/div>\n\n\n\n<div class=\"section-wrapper\" data-id=\"HrmcEJ\"><section class=\"wp-block-gutenverse-section guten-element guten-section guten-HrmcEJ layout-fullwidth align-stretch\"><div class=\"guten-background-overlay\"><\/div><div class=\"guten-shape-divider guten-shape-divider-top\"><\/div><div class=\"guten-shape-divider guten-shape-divider-bottom\"><\/div><div class=\"guten-container guten-column-gap-no\">\n<div class=\"wp-block-gutenverse-column guten-element guten-column guten-q3lgRr\"><div class=\"guten-background-overlay\"><\/div><div class=\"sticky-wrapper\" data-id=\"q3lgRr\"><div class=\"guten-column-wrapper\">\n<div class=\"guten-element gutenverse-maps guten-oGEFfX\"><iframe frameborder=\"0\" scrolling=\"no\" marginheight=\"0\" marginwidth=\"0\" src=\"https:\/\/maps.google.com\/maps?q=Sessions%20House%2C%20Newington%20Causeway%2C%20London%20SE1%206AZ%2C%20United%20Kingdom&amp;z=16&amp;t=m&amp;output=embed&amp;iwloc=near\" title=\"Sessions House, Newington Causeway, London SE1 6AZ, United Kingdom\"><\/iframe><\/div>\n<\/div><\/div><\/div>\n<\/div><\/section><\/div>\n","protected":false},"excerpt":{"rendered":"","protected":false},"author":1,"featured_media":0,"parent":0,"menu_order":0,"comment_status":"closed","ping_status":"closed","template":"","meta":{"footnotes":""},"class_list":["post-79","page","type-page","status-publish","hentry"],"_links":{"self":[{"href":"https:\/\/madeinrenov.com\/index.php\/wp-json\/wp\/v2\/pages\/79","targetHints":{"allow":["GET"]}}],"collection":[{"href":"https:\/\/madeinrenov.com\/index.php\/wp-json\/wp\/v2\/pages"}],"about":[{"href":"https:\/\/madeinrenov.com\/index.php\/wp-json\/wp\/v2\/types\/page"}],"author":[{"embeddable":true,"href":"https:\/\/madeinrenov.com\/index.php\/wp-json\/wp\/v2\/users\/1"}],"replies":[{"embeddable":true,"href":"https:\/\/madeinrenov.com\/index.php\/wp-json\/wp\/v2\/comments?post=79"}],"version-history":[{"count":11,"href":"https:\/\/madeinrenov.com\/index.php\/wp-json\/wp\/v2\/pages\/79\/revisions"}],"predecessor-version":[{"id":177,"href":"https:\/\/madeinrenov.com\/index.php\/wp-json\/wp\/v2\/pages\/79\/revisions\/177"}],"wp:attachment":[{"href":"https:\/\/madeinrenov.com\/index.php\/wp-json\/wp\/v2\/media?parent=79"}],"curies":[{"name":"wp","href":"https:\/\/api.w.org\/{rel}","templated":true}]}}